{"id":98,"date":"2022-07-09T07:21:01","date_gmt":"2022-07-09T07:21:01","guid":{"rendered":"https:\/\/ipragency.com.mx\/?page_id=98"},"modified":"2022-07-18T18:28:19","modified_gmt":"2022-07-18T18:28:19","slug":"propiedad-industrial","status":"publish","type":"page","link":"https:\/\/ipragency.com.mx\/?page_id=98","title":{"rendered":"Propiedad Industrial"},"content":{"rendered":"\n<figure class=\"wp-block-image size-full\" style=\"border-radius:55px\"><img loading=\"lazy\" decoding=\"async\" width=\"2042\" height=\"858\" src=\"https:\/\/ipragency.com.mx\/wp-content\/uploads\/2022\/07\/pin-1.jpg\" alt=\"\" class=\"wp-image-151\" srcset=\"https:\/\/ipragency.com.mx\/wp-content\/uploads\/2022\/07\/pin-1.jpg 2042w, https:\/\/ipragency.com.mx\/wp-content\/uploads\/2022\/07\/pin-1-300x126.jpg 300w, https:\/\/ipragency.com.mx\/wp-content\/uploads\/2022\/07\/pin-1-1030x433.jpg 1030w, https:\/\/ipragency.com.mx\/wp-content\/uploads\/2022\/07\/pin-1-768x323.jpg 768w, https:\/\/ipragency.com.mx\/wp-content\/uploads\/2022\/07\/pin-1-1536x645.jpg 1536w, https:\/\/ipragency.com.mx\/wp-content\/uploads\/2022\/07\/pin-1-1500x630.jpg 1500w, https:\/\/ipragency.com.mx\/wp-content\/uploads\/2022\/07\/pin-1-705x296.jpg 705w\" sizes=\"(max-width: 2042px) 100vw, 2042px\" \/><\/figure>\n\n\n\n<p class=\"has-text-align-left\" style=\"font-size:23px\"><strong><em>PATENTES<\/em><\/strong><\/p>\n\n\n\n<p class=\"has-text-align-left\" style=\"font-size:20px\">Invenciones nuevas, resultado de una actividad inventiva y susceptibles de aplicaci\u00f3n industrial. Solicitud de Patente Nacional con una vida de 20 a\u00f1os.<\/p>\n\n\n\n<div style=\"height:6px\" aria-hidden=\"true\" class=\"wp-block-spacer\"><\/div>\n\n\n\n<p class=\"has-text-align-left\" style=\"font-size:23px\"><strong>MODELO DE UTILIDAD<\/strong><\/p>\n\n\n\n<p class=\"has-text-align-left\" style=\"font-size:20px\">Objetos, utensilios , aparatos o herramientas, que como resultado de una modificaci\u00f3n en su disposici\u00f3n, presentan una funci\u00f3n diferente o ventajas en cuanto a su utilidad. Solicitud de Modelo de Utilidad con una vida de 10 a\u00f1os<\/p>\n\n\n\n<div style=\"height:6px\" aria-hidden=\"true\" class=\"wp-block-spacer\"><\/div>\n\n\n\n<p class=\"has-text-align-left\" style=\"font-size:23px\"><strong>DISE\u00d1OS INDUSTRIALES<\/strong><\/p>\n\n\n\n<p class=\"has-text-align-left\" style=\"font-size:20px\">Combinaci\u00f3n de figuras, l\u00edneas o colores que se incorporen a un producto industrial con fines de ornamentaci\u00f3n y que brinden un aspecto peculiar y propio. Solicitud de Dise\u00f1o Industrial con una vida de 15 a\u00f1os.<\/p>\n\n\n\n<div style=\"height:6px\" aria-hidden=\"true\" class=\"wp-block-spacer\"><\/div>\n\n\n\n<p class=\"has-text-align-left\" style=\"font-size:23px\"><strong><em>DERECHOS VECINOS<\/em><\/strong><\/p>\n\n\n\n<p class=\"has-text-align-left\" style=\"font-size:20px\">Toda informaci\u00f3n de aplicaci\u00f3n industrial o comercial que guarde una PF o PM con car\u00e1\u0301cter confidencial, que signifique obtener o mantener una ventaja competitiva.<\/p>\n\n\n\n<div style=\"height:6px\" aria-hidden=\"true\" class=\"wp-block-spacer\"><\/div>\n\n\n\n<p class=\"has-text-align-left\" style=\"font-size:23px\"><strong>SIGNOS DISTINTIVOS<\/strong><\/p>\n\n\n\n<p class=\"has-text-align-left\" style=\"font-size:20px\">Marca, avisos comerciales, nombres comerciales y denominaci\u00f3n de or\u00edgen.<\/p>\n","protected":false},"excerpt":{"rendered":"<p>PATENTES Invenciones nuevas, resultado de una actividad inventiva y susceptibles de aplicaci\u00f3n industrial. Solicitud de Patente Nacional con una vida de 20 a\u00f1os. MODELO DE UTILIDAD Objetos, utensilios , aparatos o herramientas, que como resultado de una modificaci\u00f3n en su disposici\u00f3n, presentan una funci\u00f3n diferente o ventajas en cuanto a su utilidad. Solicitud de Modelo [&hellip;]<\/p>\n","protected":false},"author":1,"featured_media":0,"parent":0,"menu_order":4,"comment_status":"closed","ping_status":"closed","template":"","meta":{"footnotes":""},"class_list":["post-98","page","type-page","status-publish","hentry"],"_links":{"self":[{"href":"https:\/\/ipragency.com.mx\/index.php?rest_route=\/wp\/v2\/pages\/98"}],"collection":[{"href":"https:\/\/ipragency.com.mx\/index.php?rest_route=\/wp\/v2\/pages"}],"about":[{"href":"https:\/\/ipragency.com.mx\/index.php?rest_route=\/wp\/v2\/types\/page"}],"author":[{"embeddable":true,"href":"https:\/\/ipragency.com.mx\/index.php?rest_route=\/wp\/v2\/users\/1"}],"replies":[{"embeddable":true,"href":"https:\/\/ipragency.com.mx\/index.php?rest_route=%2Fwp%2Fv2%2Fcomments&post=98"}],"version-history":[{"count":12,"href":"https:\/\/ipragency.com.mx\/index.php?rest_route=\/wp\/v2\/pages\/98\/revisions"}],"predecessor-version":[{"id":347,"href":"https:\/\/ipragency.com.mx\/index.php?rest_route=\/wp\/v2\/pages\/98\/revisions\/347"}],"wp:attachment":[{"href":"https:\/\/ipragency.com.mx\/index.php?rest_route=%2Fwp%2Fv2%2Fmedia&parent=98"}],"curies":[{"name":"wp","href":"https:\/\/api.w.org\/{rel}","templated":true}]}}