{"id":96,"date":"2022-07-09T07:20:30","date_gmt":"2022-07-09T07:20:30","guid":{"rendered":"https:\/\/ipragency.com.mx\/?page_id=96"},"modified":"2022-07-18T18:33:38","modified_gmt":"2022-07-18T18:33:38","slug":"propiedad-intelectual","status":"publish","type":"page","link":"https:\/\/ipragency.com.mx\/?page_id=96","title":{"rendered":"Propiedad Intelectual"},"content":{"rendered":"\n<figure class=\"wp-block-image aligncenter size-large\" style=\"border-radius:55px\"><img loading=\"lazy\" decoding=\"async\" width=\"1030\" height=\"433\" src=\"https:\/\/ipragency.com.mx\/wp-content\/uploads\/2022\/07\/pi3-1-1030x433.jpg\" alt=\"\" class=\"wp-image-129\" srcset=\"https:\/\/ipragency.com.mx\/wp-content\/uploads\/2022\/07\/pi3-1-1030x433.jpg 1030w, https:\/\/ipragency.com.mx\/wp-content\/uploads\/2022\/07\/pi3-1-300x126.jpg 300w, https:\/\/ipragency.com.mx\/wp-content\/uploads\/2022\/07\/pi3-1-768x323.jpg 768w, https:\/\/ipragency.com.mx\/wp-content\/uploads\/2022\/07\/pi3-1-1536x645.jpg 1536w, https:\/\/ipragency.com.mx\/wp-content\/uploads\/2022\/07\/pi3-1-1500x630.jpg 1500w, https:\/\/ipragency.com.mx\/wp-content\/uploads\/2022\/07\/pi3-1-705x296.jpg 705w, https:\/\/ipragency.com.mx\/wp-content\/uploads\/2022\/07\/pi3-1.jpg 2042w\" sizes=\"(max-width: 1030px) 100vw, 1030px\" \/><\/figure>\n\n\n\n<p><\/p>\n\n\n\n<p><\/p>\n\n\n\n<h2 class=\"wp-block-heading\" style=\"font-size:30px\">\u00bfQu\u00e9 es la propiedad intelectual?<\/h2>\n\n\n\n<blockquote class=\"wp-block-quote is-layout-flow wp-block-quote-is-layout-flow\" style=\"font-size:20px\"><p>\u00ab<em>La propiedad intelectual son todas aquellas creaciones de la mente humana , las invenciones, las obras literarias y art\u00ed\u0301sticas as\u00ed como los s\u00edmbolos, nombres, im\u00e1genes, dibujos y modelos utilizados en el comercio.\u00bb<\/em><\/p><cite><em>(OMPI, 2011)<\/em><\/cite><\/blockquote>\n\n\n\n<div style=\"height:26px\" aria-hidden=\"true\" class=\"wp-block-spacer\"><\/div>\n\n\n\n<p class=\"has-black-color has-text-color\" style=\"font-size:20px\">As\u00ed como la informaci\u00f3n o conocimientos que pueden incorporarse en objetos tangibles.<\/p>\n\n\n\n<p class=\"has-black-color has-text-color\" style=\"font-size:20px\">Con la propiedad intelectual se busca proteger y aprovechar los activos intangibles con los que se cuentan, es una herramienta que permite habilitar la competitividad en la actual econom\u00eda del conocimiento.<\/p>\n\n\n\n<p class=\"has-black-color has-text-color\" style=\"font-size:20px\">Haciendo un correcto uso de la propiedad intelectual se puede proteger las propias invenciones y procesos para ser utilizados como un diferenciador en la competencia.<\/p>\n\n\n\n<p class=\"has-black-color has-text-color\" style=\"font-size:20px\">Se divide en las siguientes categor\u00edas:<\/p>\n\n\n\n<p><\/p>\n\n\n\n<ul class=\"wp-block-list\" style=\"font-size:20px\"><li><strong>Propiedad Intelectual<\/strong><\/li><\/ul>\n\n\n\n<p><\/p>\n\n\n\n<ul class=\"wp-block-list\" style=\"font-size:20px\"><li><strong>Propiedad Industrial<\/strong><\/li><\/ul>\n\n\n\n<p><\/p>\n\n\n\n<div style=\"height:26px\" aria-hidden=\"true\" class=\"wp-block-spacer\"><\/div>\n\n\n\n<h2 class=\"wp-block-heading\" style=\"font-style:normal;font-weight:700\">Propiedad Intelectual<\/h2>\n\n\n\n<div style=\"height:11px\" aria-hidden=\"true\" class=\"wp-block-spacer\"><\/div>\n\n\n\n<p class=\"has-black-color has-text-color\" style=\"font-size:20px\"><strong><em>Derechos de autor:<\/em><\/strong> Protecci\u00f3n para que el autor goce de privilegios exclusivos de car\u00e1cter moral y patrimonial, pueden ser obras de tipo: literarias, musicales, dram\u00e1ticas, danza, pict\u00f3rica o dibujo, escultura, caricatura, arquitectura, cinematogr\u00e1fica, radio y televisi\u00f3n, programas de c\u00f3mputo, fotogr\u00e1ficos, dise\u00f1o gr\u00e1fico, compilaci\u00f3n o bases de datos.<\/p>\n\n\n\n<p class=\"has-black-color has-text-color\" style=\"font-size:20px\"><strong><em>Derechos Conexos:<\/em><\/strong> Los Derechos Conexos proporcionan derechos similares a los derechos de los autores, aunque con frecuencia, m\u00e1\u0301s limitados y de menor duraci\u00f3n, se otorgan a los titulares que entran en la categor\u00eda de intermediarios en la producci\u00f3n, grabaci\u00f3n o difusi\u00f3n de las obras. <\/p>\n\n\n\n<div style=\"height:26px\" aria-hidden=\"true\" class=\"wp-block-spacer\"><\/div>\n","protected":false},"excerpt":{"rendered":"<p>\u00bfQu\u00e9 es la propiedad intelectual? \u00abLa propiedad intelectual son todas aquellas creaciones de la mente humana , las invenciones, las obras literarias y art\u00ed\u0301sticas as\u00ed como los s\u00edmbolos, nombres, im\u00e1genes, dibujos y modelos utilizados en el comercio.\u00bb (OMPI, 2011) As\u00ed como la informaci\u00f3n o conocimientos que pueden incorporarse en objetos tangibles. Con la propiedad intelectual [&hellip;]<\/p>\n","protected":false},"author":1,"featured_media":0,"parent":0,"menu_order":3,"comment_status":"closed","ping_status":"closed","template":"","meta":{"footnotes":""},"class_list":["post-96","page","type-page","status-publish","hentry"],"_links":{"self":[{"href":"https:\/\/ipragency.com.mx\/index.php?rest_route=\/wp\/v2\/pages\/96"}],"collection":[{"href":"https:\/\/ipragency.com.mx\/index.php?rest_route=\/wp\/v2\/pages"}],"about":[{"href":"https:\/\/ipragency.com.mx\/index.php?rest_route=\/wp\/v2\/types\/page"}],"author":[{"embeddable":true,"href":"https:\/\/ipragency.com.mx\/index.php?rest_route=\/wp\/v2\/users\/1"}],"replies":[{"embeddable":true,"href":"https:\/\/ipragency.com.mx\/index.php?rest_route=%2Fwp%2Fv2%2Fcomments&post=96"}],"version-history":[{"count":19,"href":"https:\/\/ipragency.com.mx\/index.php?rest_route=\/wp\/v2\/pages\/96\/revisions"}],"predecessor-version":[{"id":351,"href":"https:\/\/ipragency.com.mx\/index.php?rest_route=\/wp\/v2\/pages\/96\/revisions\/351"}],"wp:attachment":[{"href":"https:\/\/ipragency.com.mx\/index.php?rest_route=%2Fwp%2Fv2%2Fmedia&parent=96"}],"curies":[{"name":"wp","href":"https:\/\/api.w.org\/{rel}","templated":true}]}}