{"id":67,"date":"2022-07-09T05:49:37","date_gmt":"2022-07-09T05:49:37","guid":{"rendered":"https:\/\/ipragency.com.mx\/?page_id=67"},"modified":"2022-07-18T18:34:45","modified_gmt":"2022-07-18T18:34:45","slug":"nuestro-equipo","status":"publish","type":"page","link":"https:\/\/ipragency.com.mx\/?page_id=67","title":{"rendered":"Nuestro Equipo"},"content":{"rendered":"\n<p style=\"font-size:20px;font-style:normal;font-weight:700\">En IPR Agency estamos comprometidos con otorgar a nuestros clientes un trabajo de primer nivel. Es por eso que nuestro equipo est\u00e1 formado por profesionistas especializados en el \u00e1rea de propiedad intelectual con un alto grado de conocimiento y experiencia en el medio.<\/p>\n\n\n\n<div style=\"height:3px\" aria-hidden=\"true\" class=\"wp-block-spacer\"><\/div>\n\n\n\n<div class=\"wp-block-columns is-layout-flex wp-container-core-columns-is-layout-3 wp-block-columns-is-layout-flex\">\n<div class=\"wp-block-column is-layout-flow wp-block-column-is-layout-flow\">\n<div class=\"wp-block-columns is-layout-flex wp-container-core-columns-is-layout-1 wp-block-columns-is-layout-flex\">\n<div class=\"wp-block-column is-layout-flow wp-block-column-is-layout-flow\">\n<figure class=\"wp-block-image alignleft size-full\"><img loading=\"lazy\" decoding=\"async\" width=\"320\" height=\"460\" src=\"https:\/\/ipragency.com.mx\/wp-content\/uploads\/2022\/07\/aime-2.jpg\" alt=\"\" class=\"wp-image-91\" srcset=\"https:\/\/ipragency.com.mx\/wp-content\/uploads\/2022\/07\/aime-2.jpg 320w, https:\/\/ipragency.com.mx\/wp-content\/uploads\/2022\/07\/aime-2-209x300.jpg 209w\" sizes=\"(max-width: 320px) 100vw, 320px\" \/><figcaption><strong>Aime<\/strong><br><em>Consultor en Propiedad Intelectual<\/em><br><br><strong>M.C. Derecho en Propiedad Intelectual (2007-2009)<br>Lic. Comercio Internacional (2000-2005)<\/strong><br><br>Aime Santos termin\u00f3 su carrera de Comercio Internacional en el Tecnol\u00f3gico de Monterrey Campus Quer\u00e9taro y estudi\u00f3 la maestr\u00eda en Derecho en Propiedad Intelectual en Hanken School of Economics Finlandia, donde trabaj\u00f3 en su tesis \u00abEmpirical Evidence of Patent Thickets in the Computer Program Field\u00bb. Tiene una especializaci\u00f3n en transferencia de tecnolog\u00eda bajo el \u00abTechnology Transfer Trainning Programme\u00bb de ISIS Innovation LTD de la Universidad de Oxford.<br>Como experiencia laboral Aime ha trabajado desde el 2010 en distintos proyectos de la industria privada y p\u00fablica, con el manejo de portafolio de patentes, creaci\u00f3n de departamentos de protecci\u00f3n a la propiedad intelectual y oficinas de transferencia. Ha participado en la elaboraci\u00f3n y control de convenios de confidencialidad, secretos industriales, cl\u00e1usulas de propiedad intelectual, cesi\u00f3n de derechos y de control, as\u00ed como gestor\u00eda en registros de propiedad industrial e intelectual.<br>Actualmente Aime desempe\u00f1a el estudio de protecciones en propiedad intelectual y asesor\u00edas en transferencia de tecnolog\u00eda de los distintos proyectos incubados en IPR.<\/figcaption><\/figure>\n<\/div>\n\n\n\n<div class=\"wp-block-column is-layout-constrained wp-block-column-is-layout-constrained\">\n<figure class=\"wp-block-image alignleft size-full\"><img loading=\"lazy\" decoding=\"async\" width=\"320\" height=\"460\" src=\"https:\/\/ipragency.com.mx\/wp-content\/uploads\/2022\/07\/maritere.jpg\" alt=\"\" class=\"wp-image-71\" srcset=\"https:\/\/ipragency.com.mx\/wp-content\/uploads\/2022\/07\/maritere.jpg 320w, https:\/\/ipragency.com.mx\/wp-content\/uploads\/2022\/07\/maritere-209x300.jpg 209w\" sizes=\"(max-width: 320px) 100vw, 320px\" \/><figcaption><strong>Maria Teresa<\/strong><br><em>Consultor en Marcas y Derechos de Autor<\/em><br><br><strong><em>Lic. En Administraci\u00f3n (2010-2015)<\/em><\/strong><br><br>Licenciada en Administraci\u00f3n por la Universidad Aut\u00f3noma de Quer\u00e9taro, con un diplomado en Gesti\u00f3n del Factor Humano. Mari Tere ha trabajado desde 2012 en diversas empresas privadas como auxiliar administrativo, dentro de IPR coordina la planeaci\u00f3n y organizaci\u00f3n de los proyectos de protecci\u00f3n a la propiedad intelectual.&nbsp;<br>Actualmente Mari Tere se est\u00e1 especializado en el \u00e1rea de signos distintivos y derechos de autor; para lo cual ha participado en diversos cursos ante el IMPI, e.g.; Clasificaci\u00f3n Internacional de signos distintivos, Protocolo de Madrid e Infracci\u00f3n en Materia de derechos de autor en el INDAUTOR.<\/figcaption><\/figure>\n<\/div>\n<\/div>\n<\/div>\n\n\n\n<div class=\"wp-block-column is-layout-flow wp-block-column-is-layout-flow\">\n<div class=\"wp-block-columns is-layout-flex wp-container-core-columns-is-layout-2 wp-block-columns-is-layout-flex\">\n<div class=\"wp-block-column is-layout-flow wp-block-column-is-layout-flow\">\n<figure class=\"wp-block-image alignleft size-full\"><img loading=\"lazy\" decoding=\"async\" width=\"320\" height=\"460\" src=\"https:\/\/ipragency.com.mx\/wp-content\/uploads\/2022\/07\/marta.jpg\" alt=\"\" class=\"wp-image-72\" srcset=\"https:\/\/ipragency.com.mx\/wp-content\/uploads\/2022\/07\/marta.jpg 320w, https:\/\/ipragency.com.mx\/wp-content\/uploads\/2022\/07\/marta-209x300.jpg 209w\" sizes=\"(max-width: 320px) 100vw, 320px\" \/><figcaption><strong>Marta<\/strong><br><em>Consultor en Dise\u00f1o de Marcas<\/em><br><br><em><strong>Lic. En Dise\u00f1o Gr\u00e1fico<\/strong><\/em><br><br>Marta Hoyos se considera a s\u00ed misma un esp\u00edritu inquieto en b\u00fasqueda de ideas y soluciones que generen mensajes atractivos y contundentes.<br>Es dise\u00f1adora gr\u00e1fica egresada de la UVM Campus Quer\u00e9taro, actualmente est\u00e1 por terminar la maestr\u00eda en Proyectos Sociales en la Universidad Aut\u00f3noma de Nuevo Le\u00f3n. Tambi\u00e9n cuenta con un diplomado en Mercadotecnia Digital en la Universidad Anahuac Campus Quer\u00e9taro.<br>Ha participado en proyectos educativos, culturales, editoriales, comerciales e industriales.&nbsp; Busca generar ideas y soluciones utilizando como herramienta central la creatividad y la innovaci\u00f3n. Considera que cada cliente es una oportunidad de aprender y crecer.<br>Actualmente Marta en IPR se encarga de los asuntos relacionados con el \u00e1rea de dise\u00f1o y creaci\u00f3n de nuevas marcas.<br>\u00abDise\u00f1ar es una actividad abstracta que implica programar, proyectar y transformar lo invisible en visible\u00bb&nbsp;(An\u00f3nimo)<\/figcaption><\/figure>\n<\/div>\n\n\n\n<div class=\"wp-block-column is-layout-flow wp-block-column-is-layout-flow\">\n<figure class=\"wp-block-image alignleft size-full\"><img loading=\"lazy\" decoding=\"async\" width=\"320\" height=\"460\" src=\"https:\/\/ipragency.com.mx\/wp-content\/uploads\/2022\/07\/ruth.jpg\" alt=\"\" class=\"wp-image-73\" srcset=\"https:\/\/ipragency.com.mx\/wp-content\/uploads\/2022\/07\/ruth.jpg 320w, https:\/\/ipragency.com.mx\/wp-content\/uploads\/2022\/07\/ruth-209x300.jpg 209w\" sizes=\"(max-width: 320px) 100vw, 320px\" \/><figcaption><strong>Ruth<\/strong><br><em>Consultor en Corporativo y Litigio<\/em><br><strong><em><br>Lic. En Derecho <\/em><\/strong><strong><em>(1990-1995)<\/em><\/strong><br><br>Licenciada en Derecho por la Universidad Aut\u00f3noma de Quer\u00e9taro, con una especialidad en Administraci\u00f3n de Justicia. Ruth tiene 18 a\u00f1os de amplia experiencia profesional en el ejercicio de Derecho Privado, ha trabajado para el Tribunal Superior de Justicia del Estado de Quer\u00e9taro y como adscrita al Juzgado Cuarto del Primera Instancia Civil del Distrito Judicial de Quer\u00e9taro. Previamente ha ejercido acciones legales en materia de propiedad industrial, elaboraci\u00f3n, revisi\u00f3n y consultor\u00eda&nbsp;de contratos de transferencia de tecnolog\u00eda, confidencialidad y derechos de propiedad industrial en general para la industria privada y p\u00fablica.<br>Actualmente Ruth coordina el \u00e1rea legal de IPR, en donde realizan seguimientos a procedimientos administrativos y jurisdiccionales en materia de propiedad intelectual (PI), acciones legales por violaciones en materia de PI, indemnizaciones, pago de da\u00f1os y perjuicios, negociaciones, elaboraci\u00f3n de convenios de confidencialidad y licenciamiento, etc.<\/figcaption><\/figure>\n<\/div>\n<\/div>\n<\/div>\n<\/div>\n","protected":false},"excerpt":{"rendered":"<p>En IPR Agency estamos comprometidos con otorgar a nuestros clientes un trabajo de primer nivel. Es por eso que nuestro equipo est\u00e1 formado por profesionistas especializados en el \u00e1rea de propiedad intelectual con un alto grado de conocimiento y experiencia en el medio.<\/p>\n","protected":false},"author":1,"featured_media":0,"parent":55,"menu_order":0,"comment_status":"closed","ping_status":"closed","template":"","meta":{"footnotes":""},"class_list":["post-67","page","type-page","status-publish","hentry"],"_links":{"self":[{"href":"https:\/\/ipragency.com.mx\/index.php?rest_route=\/wp\/v2\/pages\/67"}],"collection":[{"href":"https:\/\/ipragency.com.mx\/index.php?rest_route=\/wp\/v2\/pages"}],"about":[{"href":"https:\/\/ipragency.com.mx\/index.php?rest_route=\/wp\/v2\/types\/page"}],"author":[{"embeddable":true,"href":"https:\/\/ipragency.com.mx\/index.php?rest_route=\/wp\/v2\/users\/1"}],"replies":[{"embeddable":true,"href":"https:\/\/ipragency.com.mx\/index.php?rest_route=%2Fwp%2Fv2%2Fcomments&post=67"}],"version-history":[{"count":26,"href":"https:\/\/ipragency.com.mx\/index.php?rest_route=\/wp\/v2\/pages\/67\/revisions"}],"predecessor-version":[{"id":352,"href":"https:\/\/ipragency.com.mx\/index.php?rest_route=\/wp\/v2\/pages\/67\/revisions\/352"}],"up":[{"embeddable":true,"href":"https:\/\/ipragency.com.mx\/index.php?rest_route=\/wp\/v2\/pages\/55"}],"wp:attachment":[{"href":"https:\/\/ipragency.com.mx\/index.php?rest_route=%2Fwp%2Fv2%2Fmedia&parent=67"}],"curies":[{"name":"wp","href":"https:\/\/api.w.org\/{rel}","templated":true}]}}