{"id":230,"date":"2022-07-09T17:06:45","date_gmt":"2022-07-09T17:06:45","guid":{"rendered":"https:\/\/ipragency.com.mx\/?page_id=230"},"modified":"2022-07-14T17:02:18","modified_gmt":"2022-07-14T17:02:18","slug":"230-2","status":"publish","type":"page","link":"https:\/\/ipragency.com.mx\/?page_id=230","title":{"rendered":"Aviso de Privacidad"},"content":{"rendered":"\n<p style=\"font-size:20px\">IPR propiedad intelectual, con domicilio en calle Privada del Sol 8 int. 1, Colonia San Javier, ciudad Quer\u00e9taro, Quer\u00e9taro, C.P. 76020 M\u00e9xico, y portal de internet http:\/\/www.ipragency.com.mx, es el responsable del uso y protecci\u00f3n de sus datos personales, hace de su conocimiento que la informaci\u00f3n de nuestros clientes es tratada de forma estrictamente confidencial por lo que al proporcionar sus datos personales, tales como:<\/p>\n\n\n\n<ol class=\"wp-block-list\" reversed start=\"1\" style=\"font-size:20px\"><li>Nombre Y\/O Raz\u00f3n Social.<\/li><\/ol>\n\n\n\n<ol class=\"wp-block-list\" start=\"2\" style=\"font-size:20px\"><li>Direcci\u00f3n.<\/li><\/ol>\n\n\n\n<ol class=\"wp-block-list\" start=\"3\" style=\"font-size:20px\"><li>Registro Federal de Contribuyentes.<\/li><\/ol>\n\n\n\n<ol class=\"wp-block-list\" start=\"4\" style=\"font-size:20px\"><li>Tel\u00e9fonos de Oficina y m\u00f3viles.<\/li><\/ol>\n\n\n\n<ol class=\"wp-block-list\" start=\"5\" style=\"font-size:20px\"><li>Correo Electr\u00f3nico<\/li><\/ol>\n\n\n\n<p style=\"font-size:20px\">Estos ser\u00e1n utilizados \u00fanica y exclusivamente para los siguientes fines:<\/p>\n\n\n\n<ul class=\"wp-block-list\" style=\"font-size:20px\"><li>&nbsp;Cotizaciones<\/li><\/ul>\n\n\n\n<ul class=\"wp-block-list\" style=\"font-size:20px\"><li>&nbsp;Llamadas al cliente<\/li><\/ul>\n\n\n\n<ul class=\"wp-block-list\" style=\"font-size:20px\"><li>&nbsp;Env\u00edo de correos electr\u00f3nicos<\/li><\/ul>\n\n\n\n<ul class=\"wp-block-list\" style=\"font-size:20px\"><li>&nbsp;Base de datos<\/li><\/ul>\n\n\n\n<ul class=\"wp-block-list\" style=\"font-size:20px\"><li>&nbsp;Env\u00edo de promociones<\/li><\/ul>\n\n\n\n<ul class=\"wp-block-list\" style=\"font-size:20px\"><li>&nbsp;Env\u00edo de informaci\u00f3n en relaci\u00f3n con servicios<\/li><\/ul>\n\n\n\n<ul class=\"wp-block-list\" style=\"font-size:20px\"><li>&nbsp;Mercadotecnia o publicitaria<\/li><\/ul>\n\n\n\n<ul class=\"wp-block-list\" style=\"font-size:20px\"><li>&nbsp;Prospecci\u00f3n comercial<\/li><\/ul>\n\n\n\n<p style=\"font-size:20px\">Cualquier finalidad an\u00e1loga o compatible con las anterioridades<\/p>\n\n\n\n<div style=\"height:10px\" aria-hidden=\"true\" class=\"wp-block-spacer\"><\/div>\n\n\n\n<p style=\"font-size:20px\"><br>Le informamos todos sus datos personales son tratados de acuerdo a la legislaci\u00f3n aplicable y vigente en el pa\u00eds, por ello le informamos que usted tiene en todo momento los derechos\u00a0(ARCO) de acceder, rectificar, cancelar u oponerse al tratamiento que le damos a sus datos personales; derecho que podr\u00e1 hacer valer a trav\u00e9s del\u00a0\u00e1rea de Privacidad encargada de la seguridad de datos personales al correo electr\u00f3nico: a.santos@ipragency.com.mx<\/p>\n\n\n\n<p style=\"font-size:20px\">A trav\u00e9s de estos canales usted podr\u00e1 actualizar sus datos y especificar el medio por el cual desea recibir informaci\u00f3n, ya que en caso de no contar con esta especificaci\u00f3n de su parte,&nbsp;IPR Propiedad Intelectual, establecer\u00e1 libremente el canal que considere pertinente para enviarle informaci\u00f3n.<\/p>\n\n\n\n<p style=\"font-size:20px\">Este aviso de privacidad podr\u00e1 ser modificado por&nbsp;IPR Propiedad Intelectual, dichas modificaciones ser\u00e1n oportunamente informadas a trav\u00e9s de correo electr\u00f3nico, tel\u00e9fono, p\u00e1gina web o cualquier otro medio de comunicaci\u00f3n que&nbsp;IPR Propiedad Intelectual, determine para tal efecto.<\/p>\n","protected":false},"excerpt":{"rendered":"<p>IPR propiedad intelectual, con domicilio en calle Privada del Sol 8 int. 1, Colonia San Javier, ciudad Quer\u00e9taro, Quer\u00e9taro, C.P. 76020 M\u00e9xico, y portal de internet http:\/\/www.ipragency.com.mx, es el responsable del uso y protecci\u00f3n de sus datos personales, hace de su conocimiento que la informaci\u00f3n de nuestros clientes es tratada de forma estrictamente confidencial por [&hellip;]<\/p>\n","protected":false},"author":1,"featured_media":0,"parent":0,"menu_order":0,"comment_status":"closed","ping_status":"closed","template":"","meta":{"footnotes":""},"class_list":["post-230","page","type-page","status-publish","hentry"],"_links":{"self":[{"href":"https:\/\/ipragency.com.mx\/index.php?rest_route=\/wp\/v2\/pages\/230"}],"collection":[{"href":"https:\/\/ipragency.com.mx\/index.php?rest_route=\/wp\/v2\/pages"}],"about":[{"href":"https:\/\/ipragency.com.mx\/index.php?rest_route=\/wp\/v2\/types\/page"}],"author":[{"embeddable":true,"href":"https:\/\/ipragency.com.mx\/index.php?rest_route=\/wp\/v2\/users\/1"}],"replies":[{"embeddable":true,"href":"https:\/\/ipragency.com.mx\/index.php?rest_route=%2Fwp%2Fv2%2Fcomments&post=230"}],"version-history":[{"count":4,"href":"https:\/\/ipragency.com.mx\/index.php?rest_route=\/wp\/v2\/pages\/230\/revisions"}],"predecessor-version":[{"id":335,"href":"https:\/\/ipragency.com.mx\/index.php?rest_route=\/wp\/v2\/pages\/230\/revisions\/335"}],"wp:attachment":[{"href":"https:\/\/ipragency.com.mx\/index.php?rest_route=%2Fwp%2Fv2%2Fmedia&parent=230"}],"curies":[{"name":"wp","href":"https:\/\/api.w.org\/{rel}","templated":true}]}}