{"id":18,"date":"2022-07-08T19:39:00","date_gmt":"2022-07-08T19:39:00","guid":{"rendered":"https:\/\/ipragency.com.mx\/?page_id=18"},"modified":"2022-07-18T18:22:11","modified_gmt":"2022-07-18T18:22:11","slug":"inicio","status":"publish","type":"page","link":"https:\/\/ipragency.com.mx\/","title":{"rendered":"IPR Agency"},"content":{"rendered":"<p>[layerslider id=\u00bbAGENCY\u00bb]<\/p>\n\n\n\n<p class=\"has-text-align-center has-x-large-font-size\" style=\"font-style:normal;font-weight:700;line-height:1.7;letter-spacing:2px\"><strong><em>IPR Propiedad Intelectual<br>Protegiendo tu mayor creaci\u00f3n<\/em><\/strong><\/p>\n\n\n\n<div class=\"wp-block-columns is-layout-flex wp-container-core-columns-is-layout-3 wp-block-columns-is-layout-flex\">\n<div class=\"wp-block-column is-layout-flow wp-block-column-is-layout-flow\" style=\"flex-basis:100%\">\n<div class=\"wp-block-columns is-layout-flex wp-container-core-columns-is-layout-2 wp-block-columns-is-layout-flex\">\n<div class=\"wp-block-column is-layout-flow wp-block-column-is-layout-flow\" style=\"flex-basis:100%\">\n<div class=\"wp-block-columns is-layout-flex wp-container-core-columns-is-layout-1 wp-block-columns-is-layout-flex\">\n<div class=\"wp-block-column is-layout-flow wp-block-column-is-layout-flow\" style=\"flex-basis:33.34%\">\n<p class=\"has-text-align-left has-black-color has-text-color\" style=\"font-size:20px\">En este mundo existen millones de momentos de creaci\u00f3n, momentos los cuales cambian tu vida y generan cambios importantes. Sabemos que cuando un momento de \u00e9stos llega, es importante sacarle el mayor provecho y generar las mejores estrategias para que pueda aprovechar todas las posibilidades dentro del mercado. Debido a esto IPR Agency esta comprometida con ser la gu\u00eda y generador de protecciones para tus ideas.<\/p>\n\n\n\n<p class=\"has-text-align-left has-black-color has-text-color\" style=\"font-size:20px\">Te invitamos a conocer m\u00e1s sobre nosotros y nuestros servicios. \u00a1No dejes tus ideas en el aire, ac\u00e9rcate!<\/p>\n<\/div>\n\n\n\n<div class=\"wp-block-column is-vertically-aligned-center is-layout-flow wp-block-column-is-layout-flow\" style=\"flex-basis:33.34%\">\n<ul class=\"has-black-color has-text-color wp-block-list\" style=\"font-size:20px\"><li><strong>ESTRAT\u00c9GIAS DE PROPIEDAD INTELECTUAL<\/strong><\/li><\/ul>\n\n\n\n<ul class=\"has-black-color has-text-color wp-block-list\" style=\"font-size:20px\"><li><strong>PROTECCI\u00d3N DE LA PROPIEDAD INTELECTUAL<\/strong><\/li><\/ul>\n\n\n\n<ul class=\"has-black-color has-text-color wp-block-list\" style=\"font-size:20px\"><li><strong>MANEJO DE PORTAFOLIO DE PATENTES<\/strong><\/li><\/ul>\n<\/div>\n\n\n\n<div class=\"wp-block-column is-vertically-aligned-center is-layout-flow wp-block-column-is-layout-flow\" style=\"flex-basis:33.33%\">\n<ul class=\"has-black-color has-text-color wp-block-list\" style=\"font-size:20px\"><li><strong>CONVENIOS Y CONTROL DE CONVENIOS<\/strong><\/li><\/ul>\n\n\n\n<ul class=\"has-black-color has-text-color wp-block-list\" style=\"font-size:20px\"><li><strong>GESTOR\u00cdA EN REGISTROS DE DERECHOS DE AUTOR Y MARCAS<\/strong><\/li><\/ul>\n<\/div>\n<\/div>\n<\/div>\n<\/div>\n<\/div>\n<\/div>\n\n\n\n<hr class=\"wp-block-separator has-alpha-channel-opacity\"\/>\n\n\n\n<p style=\"font-size:20px\"><strong>Algunos de nuestros clientes<\/strong><\/p>\n\n\n\n<figure class=\"wp-block-image size-large\"><img loading=\"lazy\" decoding=\"async\" width=\"1030\" height=\"102\" src=\"https:\/\/ipragency.com.mx\/wp-content\/uploads\/2022\/07\/Captura-de-Pantalla-2022-07-09-a-las-0.40.35-1030x102.png\" alt=\"\" class=\"wp-image-48\" srcset=\"https:\/\/ipragency.com.mx\/wp-content\/uploads\/2022\/07\/Captura-de-Pantalla-2022-07-09-a-las-0.40.35-1030x102.png 1030w, https:\/\/ipragency.com.mx\/wp-content\/uploads\/2022\/07\/Captura-de-Pantalla-2022-07-09-a-las-0.40.35-300x30.png 300w, https:\/\/ipragency.com.mx\/wp-content\/uploads\/2022\/07\/Captura-de-Pantalla-2022-07-09-a-las-0.40.35-768x76.png 768w, https:\/\/ipragency.com.mx\/wp-content\/uploads\/2022\/07\/Captura-de-Pantalla-2022-07-09-a-las-0.40.35-705x70.png 705w, https:\/\/ipragency.com.mx\/wp-content\/uploads\/2022\/07\/Captura-de-Pantalla-2022-07-09-a-las-0.40.35-1210x120.png 1210w, https:\/\/ipragency.com.mx\/wp-content\/uploads\/2022\/07\/Captura-de-Pantalla-2022-07-09-a-las-0.40.35.png 1214w\" sizes=\"(max-width: 1030px) 100vw, 1030px\" \/><\/figure>\n\n\n\n<hr class=\"wp-block-separator has-alpha-channel-opacity is-style-default\"\/>\n\n\n\n<p><\/p>\n\n\n\n<p><\/p>\n","protected":false},"excerpt":{"rendered":"<p>IPR Propiedad IntelectualProtegiendo tu mayor creaci\u00f3n En este mundo existen millones de momentos de creaci\u00f3n, momentos los cuales cambian tu vida y generan cambios importantes. Sabemos que cuando un momento de \u00e9stos llega, es importante sacarle el mayor provecho y generar las mejores estrategias para que pueda aprovechar todas las posibilidades dentro del mercado. Debido [&hellip;]<\/p>\n","protected":false},"author":1,"featured_media":0,"parent":0,"menu_order":1,"comment_status":"closed","ping_status":"closed","template":"","meta":{"footnotes":""},"class_list":["post-18","page","type-page","status-publish","hentry"],"_links":{"self":[{"href":"https:\/\/ipragency.com.mx\/index.php?rest_route=\/wp\/v2\/pages\/18"}],"collection":[{"href":"https:\/\/ipragency.com.mx\/index.php?rest_route=\/wp\/v2\/pages"}],"about":[{"href":"https:\/\/ipragency.com.mx\/index.php?rest_route=\/wp\/v2\/types\/page"}],"author":[{"embeddable":true,"href":"https:\/\/ipragency.com.mx\/index.php?rest_route=\/wp\/v2\/users\/1"}],"replies":[{"embeddable":true,"href":"https:\/\/ipragency.com.mx\/index.php?rest_route=%2Fwp%2Fv2%2Fcomments&post=18"}],"version-history":[{"count":35,"href":"https:\/\/ipragency.com.mx\/index.php?rest_route=\/wp\/v2\/pages\/18\/revisions"}],"predecessor-version":[{"id":342,"href":"https:\/\/ipragency.com.mx\/index.php?rest_route=\/wp\/v2\/pages\/18\/revisions\/342"}],"wp:attachment":[{"href":"https:\/\/ipragency.com.mx\/index.php?rest_route=%2Fwp%2Fv2%2Fmedia&parent=18"}],"curies":[{"name":"wp","href":"https:\/\/api.w.org\/{rel}","templated":true}]}}